{"id":23,"date":"2025-03-31T12:59:47","date_gmt":"2025-03-31T12:59:47","guid":{"rendered":"https:\/\/www.korrig.cz\/?page_id=23"},"modified":"2025-03-31T19:34:23","modified_gmt":"2025-03-31T19:34:23","slug":"korrigenda-s-r-o-vladimir-kucera","status":"publish","type":"page","link":"https:\/\/www.korrig.cz\/?page_id=23","title":{"rendered":"N\u00e1pl\u0148 na\u0161\u00ed \u010dinnosti"},"content":{"rendered":"\n<div class=\"wp-block-group is-nowrap is-layout-flex wp-container-core-group-is-layout-6c531013 wp-block-group-is-layout-flex\">\n<h2 class=\"wp-block-heading has-text-align-center is-style-default wp-container-content-cca5f6af\" style=\"border-style:none;border-width:0px;border-radius:0px\">Prodej, servis, uv\u00e1d\u011bn\u00ed do provozu a ro\u010dn\u00ed kontroly kotl\u016f Protherm<\/h2>\n<\/div>\n\n\n\n<div class=\"wp-block-group is-nowrap is-layout-flex wp-container-core-group-is-layout-6c531013 wp-block-group-is-layout-flex\">\n<div class=\"wp-block-columns is-layout-flex wp-container-core-columns-is-layout-28f84493 wp-block-columns-is-layout-flex\">\n<div class=\"wp-block-column is-layout-flow wp-block-column-is-layout-flow\" style=\"flex-basis:100%\">\n<p class=\"has-text-align-center\">Prod\u00e1v\u00e1me kotle Protherm, kter\u00e9 najdete nejen na tomto webu ale p\u0159edev\u0161\u00edm na webu v\u00fdrobce t\u011bchto kotl\u016f <a href=\"http:\/\/www.Protherm.cz\">http:\/\/www.Protherm.cz<\/a> <\/p>\n\n\n\n<p class=\"has-text-align-center\">Z\u00e1rove\u0148 prov\u00e1d\u00edme servis (opravy), uv\u00e1d\u011bn\u00ed do provozu a ro\u010dn\u00ed kontroly t\u011bchto kotl\u016f. Servis lze objednat na tel.\u010d\u00edsle <strong>724 029 246<\/strong><\/p>\n<\/div>\n<\/div>\n<\/div>\n\n\n\n<p><\/p>\n\n\n\n<p><\/p>\n\n\n\n<p><\/p>\n\n\n\n<p><\/p>\n\n\n<h1 class=\"wp-block-site-title\"><a href=\"https:\/\/www.korrig.cz\" target=\"_self\" rel=\"home\">korrig.cz<\/a><\/h1>\n\n\n<p><\/p>\n","protected":false},"excerpt":{"rendered":"<p>Prodej, servis, uv\u00e1d\u011bn\u00ed do provozu a ro\u010dn\u00ed kontroly kotl\u016f Protherm Prod\u00e1v\u00e1me kotle Protherm, kter\u00e9 najdete nejen na tomto webu ale p\u0159edev\u0161\u00edm na webu v\u00fdrobce t\u011bchto kotl\u016f http:\/\/www.Protherm.cz Z\u00e1rove\u0148 prov\u00e1d\u00edme servis (opravy), uv\u00e1d\u011bn\u00ed do provozu a ro\u010dn\u00ed kontroly t\u011bchto kotl\u016f. Servis lze objednat na tel.\u010d\u00edsle 724 029 246<\/p>\n","protected":false},"author":1,"featured_media":27,"parent":0,"menu_order":0,"comment_status":"closed","ping_status":"closed","template":"","meta":{"footnotes":""},"class_list":["post-23","page","type-page","status-publish","has-post-thumbnail","hentry"],"_links":{"self":[{"href":"https:\/\/www.korrig.cz\/index.php?rest_route=\/wp\/v2\/pages\/23","targetHints":{"allow":["GET"]}}],"collection":[{"href":"https:\/\/www.korrig.cz\/index.php?rest_route=\/wp\/v2\/pages"}],"about":[{"href":"https:\/\/www.korrig.cz\/index.php?rest_route=\/wp\/v2\/types\/page"}],"author":[{"embeddable":true,"href":"https:\/\/www.korrig.cz\/index.php?rest_route=\/wp\/v2\/users\/1"}],"replies":[{"embeddable":true,"href":"https:\/\/www.korrig.cz\/index.php?rest_route=%2Fwp%2Fv2%2Fcomments&post=23"}],"version-history":[{"count":7,"href":"https:\/\/www.korrig.cz\/index.php?rest_route=\/wp\/v2\/pages\/23\/revisions"}],"predecessor-version":[{"id":102,"href":"https:\/\/www.korrig.cz\/index.php?rest_route=\/wp\/v2\/pages\/23\/revisions\/102"}],"wp:featuredmedia":[{"embeddable":true,"href":"https:\/\/www.korrig.cz\/index.php?rest_route=\/wp\/v2\/media\/27"}],"wp:attachment":[{"href":"https:\/\/www.korrig.cz\/index.php?rest_route=%2Fwp%2Fv2%2Fmedia&parent=23"}],"curies":[{"name":"wp","href":"https:\/\/api.w.org\/{rel}","templated":true}]}}