{"id":85,"date":"2025-04-07T18:35:09","date_gmt":"2025-04-07T18:35:09","guid":{"rendered":"https:\/\/www.korrig.cz\/?page_id=85"},"modified":"2025-04-07T18:35:09","modified_gmt":"2025-04-07T18:35:09","slug":"prodej-tepelnych-cerpadel","status":"publish","type":"page","link":"https:\/\/www.korrig.cz\/?page_id=85","title":{"rendered":"Prodej tepeln\u00fdch \u010derpadel"},"content":{"rendered":"\n<figure class=\"wp-block-image size-large\"><img loading=\"lazy\" decoding=\"async\" width=\"1024\" height=\"772\" src=\"http:\/\/www.korrig.cz\/wp-content\/uploads\/2025\/03\/GA-mono-modul-1024x772.jpg\" alt=\"\" class=\"wp-image-60\" srcset=\"https:\/\/www.korrig.cz\/wp-content\/uploads\/2025\/03\/GA-mono-modul-1024x772.jpg 1024w, https:\/\/www.korrig.cz\/wp-content\/uploads\/2025\/03\/GA-mono-modul-300x226.jpg 300w, https:\/\/www.korrig.cz\/wp-content\/uploads\/2025\/03\/GA-mono-modul-768x579.jpg 768w, https:\/\/www.korrig.cz\/wp-content\/uploads\/2025\/03\/GA-mono-modul-1536x1159.jpg 1536w, https:\/\/www.korrig.cz\/wp-content\/uploads\/2025\/03\/GA-mono-modul.jpg 1860w\" sizes=\"auto, (max-width: 1024px) 100vw, 1024px\" \/><\/figure>\n\n\n\n<p>Prod\u00e1v\u00e1me tepeln\u00e1 \u010derpadla firmy Protherm, p\u0159ed koup\u00ed si zjist\u011bte tepeln\u00e9 ztr\u00e1ty rodinn\u00e9ho domku pro velikost v\u00fdkonu \u010derpadla, d\u00e1le si zjist\u011bte jak daleko bude venkovn\u00ed jednotka od vnit\u0159n\u00ed a podle toho zvolte bu\u010f monoblok nebo split proveden\u00ed.<\/p>\n","protected":false},"excerpt":{"rendered":"<p>Prod\u00e1v\u00e1me tepeln\u00e1 \u010derpadla firmy Protherm, p\u0159ed koup\u00ed si zjist\u011bte tepeln\u00e9 ztr\u00e1ty rodinn\u00e9ho domku pro velikost v\u00fdkonu \u010derpadla, d\u00e1le si zjist\u011bte jak daleko bude venkovn\u00ed jednotka od vnit\u0159n\u00ed a podle toho zvolte bu\u010f monoblok nebo split proveden\u00ed.<\/p>\n","protected":false},"author":1,"featured_media":0,"parent":0,"menu_order":0,"comment_status":"closed","ping_status":"closed","template":"","meta":{"footnotes":""},"class_list":["post-85","page","type-page","status-publish","hentry"],"_links":{"self":[{"href":"https:\/\/www.korrig.cz\/index.php?rest_route=\/wp\/v2\/pages\/85","targetHints":{"allow":["GET"]}}],"collection":[{"href":"https:\/\/www.korrig.cz\/index.php?rest_route=\/wp\/v2\/pages"}],"about":[{"href":"https:\/\/www.korrig.cz\/index.php?rest_route=\/wp\/v2\/types\/page"}],"author":[{"embeddable":true,"href":"https:\/\/www.korrig.cz\/index.php?rest_route=\/wp\/v2\/users\/1"}],"replies":[{"embeddable":true,"href":"https:\/\/www.korrig.cz\/index.php?rest_route=%2Fwp%2Fv2%2Fcomments&post=85"}],"version-history":[{"count":1,"href":"https:\/\/www.korrig.cz\/index.php?rest_route=\/wp\/v2\/pages\/85\/revisions"}],"predecessor-version":[{"id":109,"href":"https:\/\/www.korrig.cz\/index.php?rest_route=\/wp\/v2\/pages\/85\/revisions\/109"}],"wp:attachment":[{"href":"https:\/\/www.korrig.cz\/index.php?rest_route=%2Fwp%2Fv2%2Fmedia&parent=85"}],"curies":[{"name":"wp","href":"https:\/\/api.w.org\/{rel}","templated":true}]}}